

{"id":1118,"date":"2017-09-08T07:53:48","date_gmt":"2017-09-08T07:53:48","guid":{"rendered":"http:\/\/getaway.select-themes.com\/?page_id=1118"},"modified":"2026-04-08T07:54:22","modified_gmt":"2026-04-08T07:54:22","slug":"kontakt","status":"publish","type":"page","link":"https:\/\/raftinggrandtara.com\/en\/kontakt\/","title":{"rendered":"Contact"},"content":{"rendered":"<div class=\"wpb-content-wrapper\"><div class=\"vc_row wpb_row vc_row-fluid\" ><div class=\"wpb_column vc_column_container vc_col-sm-12\"><div class=\"vc_column-inner\"><div class=\"wpb_wrapper\"><div class=\"wpb_gmaps_widget wpb_content_element\"><div class=\"wpb_wrapper\"><div class=\"wpb_map_wraper\"><iframe src=\"https:\/\/www.google.com\/maps\/embed?pb=!1m18!1m12!1m3!1d2901.1877875077744!2d18.82114002689676!3d43.352182412388636!2m3!1f0!2f0!3f0!3m2!1i1024!2i768!4f13.1!3m3!1m2!1s0x47588182dca86371%3A0x36458a3abfcf2b5e!2sGrand%20Tara%20Rafting%20Resort!5e0!3m2!1ssr!2srs!4v1649969582232!5m2!1ssr!2srs\" width=\"100%\" height=\"460\" style=\"border:0;\" allowfullscreen=\"\" loading=\"lazy\" referrerpolicy=\"no-referrer-when-downgrade\"><\/iframe><\/div><\/div><\/div><\/div><\/div><\/div><\/div><section class=\"vc_section\"><div class=\"qodef-row-grid-section-wrapper \"  ><div class=\"qodef-row-grid-section\"><div id=\"kontakt-sekcija-tekst\" class=\"vc_row wpb_row vc_row-fluid vc_custom_1774700005005 vc_row-o-equal-height vc_row-o-content-middle vc_row-flex\" ><div class=\"wpb_column vc_column_container vc_col-sm-9 vc_col-lg-5 vc_col-md-7\"><div class=\"vc_column-inner\"><div class=\"wpb_wrapper\"><div class=\"qodef-elements-holder   qodef-one-column  qodef-responsive-mode-768 \" ><div class=\"qodef-eh-item     \"  data-item-class=\"qodef-eh-custom-9904\" data-768-1024=\"0 0\" data-680-768=\"0 0\" data-680=\"0 0\">\n\t<div class=\"qodef-eh-item-inner\">\n\t\t<div class=\"qodef-eh-item-content qodef-eh-custom-9904\" style=\"padding: 0 8% 0 0\">\n\t\t\t\n<div class=\"wpcf7 no-js\" id=\"wpcf7-f4-o1\" lang=\"en-US\" dir=\"ltr\" data-wpcf7-id=\"4\">\n<div class=\"screen-reader-response\"><p role=\"status\" aria-live=\"polite\" aria-atomic=\"true\"><\/p> <ul><\/ul><\/div>\n<form action=\"\/en\/wp-json\/wp\/v2\/pages\/1118#wpcf7-f4-o1\" method=\"post\" class=\"wpcf7-form init cf7_custom_style_2\" aria-label=\"Contact form\" novalidate=\"novalidate\" data-status=\"init\">\n<fieldset class=\"hidden-fields-container\"><input type=\"hidden\" name=\"_wpcf7\" value=\"4\" \/><input type=\"hidden\" name=\"_wpcf7_version\" value=\"6.1.5\" \/><input type=\"hidden\" name=\"_wpcf7_locale\" value=\"en_US\" \/><input type=\"hidden\" name=\"_wpcf7_unit_tag\" value=\"wpcf7-f4-o1\" \/><input type=\"hidden\" name=\"_wpcf7_container_post\" value=\"0\" \/><input type=\"hidden\" name=\"_wpcf7_posted_data_hash\" value=\"\" \/>\n<\/fieldset>\n<div class=\"qodef-cf-with-icons\">\n<span class=\"wpcf7-form-control-wrap\" data-name=\"your-name\"><input size=\"40\" maxlength=\"400\" class=\"wpcf7-form-control wpcf7-text wpcf7-validates-as-required\" aria-required=\"true\" aria-invalid=\"false\" placeholder=\"Ime\" value=\"\" type=\"text\" name=\"your-name\" \/><\/span>\n<span class=\"wpcf7-form-control-wrap\" data-name=\"your-email\"><input size=\"40\" maxlength=\"400\" class=\"wpcf7-form-control wpcf7-email wpcf7-validates-as-required wpcf7-text wpcf7-validates-as-email\" aria-required=\"true\" aria-invalid=\"false\" placeholder=\"Email\" value=\"\" type=\"email\" name=\"your-email\" \/><\/span>\n<span class=\"wpcf7-form-control-wrap\" data-name=\"your-subject\"><input size=\"40\" maxlength=\"400\" class=\"wpcf7-form-control wpcf7-text wpcf7-validates-as-required\" aria-required=\"true\" aria-invalid=\"false\" placeholder=\"Naslov\" value=\"\" type=\"text\" name=\"your-subject\" \/><\/span>\n<span class=\"wpcf7-form-control-wrap\" data-name=\"your-message\"><textarea cols=\"40\" rows=\"10\" maxlength=\"2000\" class=\"wpcf7-form-control wpcf7-textarea\" aria-invalid=\"false\" placeholder=\"Poruka\" name=\"your-message\"><\/textarea><\/span>\n<input class=\"wpcf7-form-control wpcf7-submit has-spinner\" type=\"submit\" value=\"po\u0161alji\" \/>\n<\/div><p style=\"display: none !important;\" class=\"akismet-fields-container\" data-prefix=\"_wpcf7_ak_\"><label>&#916;<textarea name=\"_wpcf7_ak_hp_textarea\" cols=\"45\" rows=\"8\" maxlength=\"100\"><\/textarea><\/label><input type=\"hidden\" id=\"ak_js_1\" name=\"_wpcf7_ak_js\" value=\"139\"\/><script type=\"text\/javascript\">\n\/* <![CDATA[ *\/\ndocument.getElementById( \"ak_js_1\" ).setAttribute( \"value\", ( new Date() ).getTime() );\n\/* ]]> *\/\n<\/script>\n<\/p><div class=\"wpcf7-response-output\" aria-hidden=\"true\"><\/div>\n<\/form>\n<\/div>\n\t\t<\/div>\n\t<\/div>\n\t<\/div><\/div><\/div><\/div><\/div><div class=\"wpb_column vc_column_container vc_col-sm-12 vc_col-lg-7 vc_col-md-12\"><div class=\"vc_column-inner\"><div class=\"wpb_wrapper\"><div class=\"qodef-elements-holder   qodef-one-column  qodef-responsive-mode-768 \" ><div class=\"qodef-eh-item     \"  data-item-class=\"qodef-eh-custom-6369\" data-1024-1280=\"0 0 6.6% 0\" data-768-1024=\"0 0 3.5%\" data-680-768=\"0 0 5%\" data-680=\"0 0 11% 0\">\n\t<div class=\"qodef-eh-item-inner\">\n\t\t<div class=\"qodef-eh-item-content qodef-eh-custom-6369\" style=\"padding: 0 0 9.8% 0\">\n\t\t\t\n\t<div class=\"wpb_text_column wpb_content_element kontakt-sekcija-tekst\" >\n\t\t<div class=\"wpb_wrapper\">\n\t\t\t<h3 style=\"font-size: 25px; margin-bottom: -8px;\"><strong>Kontaktirajte<\/strong> nas ili nas posetite<\/h3>\n<p style=\"margin-top: 16px; margin-bottom: 25px;\">Ukoliko \u017eelite da rezervi\u0161ete Va\u0161u rafting avanturu, odmor u prirodi ili neki od interesantnih izleta, po\u0161aljite nam upit putem kontakt forme.<\/p>\n<p>Mi \u0107emo se potruditi da Vam izadjemo u suret i organizujemo odmor po Va\u0161oj meri.<\/p>\n<p>Javite nam se na vreme kako bismo Vam organizovali prevoz do kampa direktno iz Beograda.<\/p>\n<p>Posebne povoljnosti nudimo za otganizovanje teambuildinga kod nas.<\/p>\n<p>Pratite nas na dru\u0161tvenim mre\u017eama.<\/p>\n<p>Kod nas ste uvek dobrodo\u0161li!<\/p>\n\n\t\t<\/div>\n\t<\/div>\n\t\t<\/div>\n\t<\/div>\n\t<\/div><\/div><\/div><\/div><\/div><\/div><\/div><\/div><\/section>\n<\/div>","protected":false},"excerpt":{"rendered":"&#916; Kontaktirajte nas ili nas posetite Ukoliko \u017eelite da rezervi\u0161ete Va\u0161u rafting avanturu, odmor u prirodi ili neki od interesantnih izleta, po\u0161aljite nam upit putem kontakt forme. Mi \u0107emo se potruditi da Vam izadjemo u suret i organizujemo odmor po Va\u0161oj meri. Javite nam se na vreme kako bismo Vam organizovali prevoz do kampa [...]","protected":false},"author":5,"featured_media":0,"parent":0,"menu_order":0,"comment_status":"closed","ping_status":"closed","template":"full-width.php","meta":{"footnotes":""},"class_list":["post-1118","page","type-page","status-publish","hentry"],"yoast_head":"<!-- This site is optimized with the Yoast SEO plugin v27.6 - https:\/\/yoast.com\/product\/yoast-seo-wordpress\/ -->\n<title>Kontakt - Grand Tara<\/title>\n<meta name=\"description\" content=\"Rezervi\u0161ite svoje putovanje putem kontakt forme. Ukoliko \u017eelite da rezervi\u0161ete Va\u0161u rafting avanturu, odmor u prirodi ili neki od interesantnih izleta, po\u0161aljite nam upit putem kontakt forme. Mi \u0107emo se potruditi da Vam izadjemo u suret i organizujemo odmor po Va\u0161oj meri.\" \/>\n<meta name=\"robots\" content=\"index, follow, max-snippet:-1, max-image-preview:large, max-video-preview:-1\" \/>\n<link rel=\"canonical\" href=\"https:\/\/raftinggrandtara.com\/en\/kontakt\/\" \/>\n<meta name=\"twitter:card\" content=\"summary_large_image\" \/>\n<meta name=\"twitter:title\" content=\"Kontakt - Grand Tara\" \/>\n<meta name=\"twitter:description\" content=\"Rezervi\u0161ite svoje putovanje putem kontakt forme. Ukoliko \u017eelite da rezervi\u0161ete Va\u0161u rafting avanturu, odmor u prirodi ili neki od interesantnih izleta, po\u0161aljite nam upit putem kontakt forme. Mi \u0107emo se potruditi da Vam izadjemo u suret i organizujemo odmor po Va\u0161oj meri.\" \/>\n<meta name=\"twitter:site\" content=\"@grand_tara\" \/>\n<meta name=\"twitter:label1\" content=\"Est. reading time\" \/>\n\t<meta name=\"twitter:data1\" content=\"2 minutes\" \/>\n<script type=\"application\/ld+json\" class=\"yoast-schema-graph\">{\"@context\":\"https:\\\/\\\/schema.org\",\"@graph\":[{\"@type\":\"WebPage\",\"@id\":\"https:\\\/\\\/raftinggrandtara.com\\\/kontakt\\\/\",\"url\":\"https:\\\/\\\/raftinggrandtara.com\\\/kontakt\\\/\",\"name\":\"Kontakt - Grand Tara\",\"isPartOf\":{\"@id\":\"https:\\\/\\\/raftinggrandtara.com\\\/#website\"},\"datePublished\":\"2017-09-08T07:53:48+00:00\",\"dateModified\":\"2026-04-08T07:54:22+00:00\",\"description\":\"Rezervi\u0161ite svoje putovanje putem kontakt forme. Ukoliko \u017eelite da rezervi\u0161ete Va\u0161u rafting avanturu, odmor u prirodi ili neki od interesantnih izleta, po\u0161aljite nam upit putem kontakt forme. Mi \u0107emo se potruditi da Vam izadjemo u suret i organizujemo odmor po Va\u0161oj meri.\",\"breadcrumb\":{\"@id\":\"https:\\\/\\\/raftinggrandtara.com\\\/kontakt\\\/#breadcrumb\"},\"inLanguage\":\"en-US\",\"potentialAction\":[{\"@type\":\"ReadAction\",\"target\":[\"https:\\\/\\\/raftinggrandtara.com\\\/kontakt\\\/\"]}]},{\"@type\":\"BreadcrumbList\",\"@id\":\"https:\\\/\\\/raftinggrandtara.com\\\/kontakt\\\/#breadcrumb\",\"itemListElement\":[{\"@type\":\"ListItem\",\"position\":1,\"name\":\"Home\",\"item\":\"https:\\\/\\\/raftinggrandtara.com\\\/\"},{\"@type\":\"ListItem\",\"position\":2,\"name\":\"Kontakt\"}]},{\"@type\":\"WebSite\",\"@id\":\"https:\\\/\\\/raftinggrandtara.com\\\/#website\",\"url\":\"https:\\\/\\\/raftinggrandtara.com\\\/\",\"name\":\"Grand Tara\",\"description\":\"Avantura i odmor\",\"publisher\":{\"@id\":\"https:\\\/\\\/raftinggrandtara.com\\\/#organization\"},\"potentialAction\":[{\"@type\":\"SearchAction\",\"target\":{\"@type\":\"EntryPoint\",\"urlTemplate\":\"https:\\\/\\\/raftinggrandtara.com\\\/?s={search_term_string}\"},\"query-input\":{\"@type\":\"PropertyValueSpecification\",\"valueRequired\":true,\"valueName\":\"search_term_string\"}}],\"inLanguage\":\"en-US\"},{\"@type\":\"Organization\",\"@id\":\"https:\\\/\\\/raftinggrandtara.com\\\/#organization\",\"name\":\"Grand Tara\",\"url\":\"https:\\\/\\\/raftinggrandtara.com\\\/\",\"logo\":{\"@type\":\"ImageObject\",\"inLanguage\":\"en-US\",\"@id\":\"https:\\\/\\\/raftinggrandtara.com\\\/#\\\/schema\\\/logo\\\/image\\\/\",\"url\":\"https:\\\/\\\/raftinggrandtara.com\\\/wp-content\\\/uploads\\\/2017\\\/08\\\/logo_512_b.png\",\"contentUrl\":\"https:\\\/\\\/raftinggrandtara.com\\\/wp-content\\\/uploads\\\/2017\\\/08\\\/logo_512_b.png\",\"width\":512,\"height\":512,\"caption\":\"Grand Tara\"},\"image\":{\"@id\":\"https:\\\/\\\/raftinggrandtara.com\\\/#\\\/schema\\\/logo\\\/image\\\/\"},\"sameAs\":[\"https:\\\/\\\/www.facebook.com\\\/Rafting-kamp-Grand-Tara-111007850629908\",\"https:\\\/\\\/x.com\\\/grand_tara\",\"https:\\\/\\\/www.instagram.com\\\/raftinggrandtara\\\/\"]}]}<\/script>\n<!-- \/ Yoast SEO plugin. -->","yoast_head_json":{"title":"Kontakt - Grand Tara","description":"Rezervi\u0161ite svoje putovanje putem kontakt forme. Ukoliko \u017eelite da rezervi\u0161ete Va\u0161u rafting avanturu, odmor u prirodi ili neki od interesantnih izleta, po\u0161aljite nam upit putem kontakt forme. Mi \u0107emo se potruditi da Vam izadjemo u suret i organizujemo odmor po Va\u0161oj meri.","robots":{"index":"index","follow":"follow","max-snippet":"max-snippet:-1","max-image-preview":"max-image-preview:large","max-video-preview":"max-video-preview:-1"},"canonical":"https:\/\/raftinggrandtara.com\/en\/kontakt\/","twitter_card":"summary_large_image","twitter_title":"Kontakt - Grand Tara","twitter_description":"Rezervi\u0161ite svoje putovanje putem kontakt forme. Ukoliko \u017eelite da rezervi\u0161ete Va\u0161u rafting avanturu, odmor u prirodi ili neki od interesantnih izleta, po\u0161aljite nam upit putem kontakt forme. Mi \u0107emo se potruditi da Vam izadjemo u suret i organizujemo odmor po Va\u0161oj meri.","twitter_site":"@grand_tara","twitter_misc":{"Est. reading time":"2 minutes"},"schema":{"@context":"https:\/\/schema.org","@graph":[{"@type":"WebPage","@id":"https:\/\/raftinggrandtara.com\/kontakt\/","url":"https:\/\/raftinggrandtara.com\/kontakt\/","name":"Kontakt - Grand Tara","isPartOf":{"@id":"https:\/\/raftinggrandtara.com\/#website"},"datePublished":"2017-09-08T07:53:48+00:00","dateModified":"2026-04-08T07:54:22+00:00","description":"Rezervi\u0161ite svoje putovanje putem kontakt forme. Ukoliko \u017eelite da rezervi\u0161ete Va\u0161u rafting avanturu, odmor u prirodi ili neki od interesantnih izleta, po\u0161aljite nam upit putem kontakt forme. Mi \u0107emo se potruditi da Vam izadjemo u suret i organizujemo odmor po Va\u0161oj meri.","breadcrumb":{"@id":"https:\/\/raftinggrandtara.com\/kontakt\/#breadcrumb"},"inLanguage":"en-US","potentialAction":[{"@type":"ReadAction","target":["https:\/\/raftinggrandtara.com\/kontakt\/"]}]},{"@type":"BreadcrumbList","@id":"https:\/\/raftinggrandtara.com\/kontakt\/#breadcrumb","itemListElement":[{"@type":"ListItem","position":1,"name":"Home","item":"https:\/\/raftinggrandtara.com\/"},{"@type":"ListItem","position":2,"name":"Kontakt"}]},{"@type":"WebSite","@id":"https:\/\/raftinggrandtara.com\/#website","url":"https:\/\/raftinggrandtara.com\/","name":"Grand Tara","description":"Avantura i odmor","publisher":{"@id":"https:\/\/raftinggrandtara.com\/#organization"},"potentialAction":[{"@type":"SearchAction","target":{"@type":"EntryPoint","urlTemplate":"https:\/\/raftinggrandtara.com\/?s={search_term_string}"},"query-input":{"@type":"PropertyValueSpecification","valueRequired":true,"valueName":"search_term_string"}}],"inLanguage":"en-US"},{"@type":"Organization","@id":"https:\/\/raftinggrandtara.com\/#organization","name":"Grand Tara","url":"https:\/\/raftinggrandtara.com\/","logo":{"@type":"ImageObject","inLanguage":"en-US","@id":"https:\/\/raftinggrandtara.com\/#\/schema\/logo\/image\/","url":"https:\/\/raftinggrandtara.com\/wp-content\/uploads\/2017\/08\/logo_512_b.png","contentUrl":"https:\/\/raftinggrandtara.com\/wp-content\/uploads\/2017\/08\/logo_512_b.png","width":512,"height":512,"caption":"Grand Tara"},"image":{"@id":"https:\/\/raftinggrandtara.com\/#\/schema\/logo\/image\/"},"sameAs":["https:\/\/www.facebook.com\/Rafting-kamp-Grand-Tara-111007850629908","https:\/\/x.com\/grand_tara","https:\/\/www.instagram.com\/raftinggrandtara\/"]}]}},"_links":{"self":[{"href":"https:\/\/raftinggrandtara.com\/en\/wp-json\/wp\/v2\/pages\/1118","targetHints":{"allow":["GET"]}}],"collection":[{"href":"https:\/\/raftinggrandtara.com\/en\/wp-json\/wp\/v2\/pages"}],"about":[{"href":"https:\/\/raftinggrandtara.com\/en\/wp-json\/wp\/v2\/types\/page"}],"author":[{"embeddable":true,"href":"https:\/\/raftinggrandtara.com\/en\/wp-json\/wp\/v2\/users\/5"}],"replies":[{"embeddable":true,"href":"https:\/\/raftinggrandtara.com\/en\/wp-json\/wp\/v2\/comments?post=1118"}],"version-history":[{"count":14,"href":"https:\/\/raftinggrandtara.com\/en\/wp-json\/wp\/v2\/pages\/1118\/revisions"}],"predecessor-version":[{"id":5088,"href":"https:\/\/raftinggrandtara.com\/en\/wp-json\/wp\/v2\/pages\/1118\/revisions\/5088"}],"wp:attachment":[{"href":"https:\/\/raftinggrandtara.com\/en\/wp-json\/wp\/v2\/media?parent=1118"}],"curies":[{"name":"wp","href":"https:\/\/api.w.org\/{rel}","templated":true}]}}