

{"id":2917,"date":"2020-05-14T04:08:52","date_gmt":"2020-05-14T04:08:52","guid":{"rendered":"https:\/\/raftinggrandtara.com\/?page_id=2917"},"modified":"2026-04-08T07:54:16","modified_gmt":"2026-04-08T07:54:16","slug":"jelovnik","status":"publish","type":"page","link":"https:\/\/raftinggrandtara.com\/en\/jelovnik\/","title":{"rendered":"Menu"},"content":{"rendered":"<div class=\"wpb-content-wrapper\"><div class=\"vc_row wpb_row vc_row-fluid vc_row-o-equal-height vc_row-flex\" ><div class=\"wpb_column vc_column_container vc_col-sm-6\"><div class=\"vc_column-inner\"><div class=\"wpb_wrapper\">\n\t<div class=\"wpb_text_column wpb_content_element kontakt-sekcija-tekst\" >\n\t\t<div class=\"wpb_wrapper\">\n\t\t\t<h3>Doma\u0107a\u00a0<strong>kuhinja<\/strong><\/h3>\n<p>Fo\u010da i Tara su nadaleko poznate po svojoj ukusnoj hrani, baziranoj na mesu, mleku i sirevima, pitama i hlebovima, sve\u017eem povr\u0107u i konzerviranom vo\u0107u.<\/p>\n<p>U restoranu poluotvorenog tipa od 170 m<sup>2<\/sup> sa vrhunskom\u00a0doma\u0107om kuhinjom, mo\u017eete da prelistate svoju elektronsku po\u0161tu ili se spremate za rafting avanturu\u00a0uz vru\u0107e projice,\u00a0doma\u0107i hleb i pr\u0161ut, kao i nezaobilazni kajmak i sir iz katuna sa visine\u00a0preko 1000 m.<\/p>\n<p>Teletina ispod sa\u010da sa pekarskim krompirom, re\u010dna pastrmka i me\u0161ano meso sa ro\u0161tilja &#8211; samo su neki od na\u0161ih specijaliteta.<\/p>\n<p>Hrana koja se ovde priprema je jaka i zdrava\u00a0i od sve\u017eih namirnica dobijenih ve\u0107inski iz organskog uzgoja.<\/p>\n<p>Kako bi na\u0161i gosti imali dovoljno energije za aktivnosti koje smoim pripremili, obroci su izrazito obilni i ukusni.<\/p>\n<p>Vodimo ra\u010duna o dobavlja\u010dima i higijeni pripreme namirnica, a\u00a0sve obroke spremamo na licu mesta, u na\u0161oj kuhinji po tradicionalnoj recepturi.<\/p>\n<p>Na\u0161im gostima smo obezbedili poseban meni posne, pasketarijanske, vegetarijanske,veganske,bezglutenske ishrane.<\/p>\n<p>Prijatno!<\/p>\n<p>Va\u0161 Grand Tara rafting kamp<\/p>\n\n\t\t<\/div>\n\t<\/div>\n\n\t<div  class=\"wpb_single_image wpb_content_element vc_align_left wpb_content_element\">\n\t\t\n\t\t<figure class=\"wpb_wrapper vc_figure\">\n\t\t\t<div class=\"vc_single_image-wrapper   vc_box_border_grey\"><img loading=\"lazy\" decoding=\"async\" width=\"300\" height=\"173\" src=\"https:\/\/raftinggrandtara.com\/wp-content\/uploads\/2026\/03\/GRAND-tara-logo2-300x173.png\" class=\"vc_single_image-img attachment-medium\" alt=\"\" title=\"GRAND tara logo2\" srcset=\"https:\/\/raftinggrandtara.com\/wp-content\/uploads\/2026\/03\/GRAND-tara-logo2-300x173.png 300w, https:\/\/raftinggrandtara.com\/wp-content\/uploads\/2026\/03\/GRAND-tara-logo2-1024x591.png 1024w, https:\/\/raftinggrandtara.com\/wp-content\/uploads\/2026\/03\/GRAND-tara-logo2-768x443.png 768w, https:\/\/raftinggrandtara.com\/wp-content\/uploads\/2026\/03\/GRAND-tara-logo2-1536x886.png 1536w, https:\/\/raftinggrandtara.com\/wp-content\/uploads\/2026\/03\/GRAND-tara-logo2-600x346.png 600w\" sizes=\"auto, (max-width: 300px) 100vw, 300px\" \/><\/div>\n\t\t<\/figure>\n\t<\/div>\n<\/div><\/div><\/div><div class=\"wpb_column vc_column_container vc_col-sm-6\"><div class=\"vc_column-inner\"><div class=\"wpb_wrapper\">\n\t<div  class=\"wpb_single_image wpb_content_element vc_align_center wpb_content_element\">\n\t\t\n\t\t<figure class=\"wpb_wrapper vc_figure\">\n\t\t\t<div class=\"vc_single_image-wrapper vc_box_shadow_3d  vc_box_border_grey\"><img loading=\"lazy\" decoding=\"async\" width=\"1200\" height=\"1600\" src=\"https:\/\/raftinggrandtara.com\/wp-content\/uploads\/2020\/08\/viber_image_2020-06-13_16-19-26e.jpg\" class=\"vc_single_image-img attachment-full\" alt=\"Doma\u0107a hrana Tara\" title=\"Doma\u0107a hrana Tara\" srcset=\"https:\/\/raftinggrandtara.com\/wp-content\/uploads\/2020\/08\/viber_image_2020-06-13_16-19-26e.jpg 1200w, https:\/\/raftinggrandtara.com\/wp-content\/uploads\/2020\/08\/viber_image_2020-06-13_16-19-26e-225x300.jpg 225w, https:\/\/raftinggrandtara.com\/wp-content\/uploads\/2020\/08\/viber_image_2020-06-13_16-19-26e-768x1024.jpg 768w, https:\/\/raftinggrandtara.com\/wp-content\/uploads\/2020\/08\/viber_image_2020-06-13_16-19-26e-1152x1536.jpg 1152w, https:\/\/raftinggrandtara.com\/wp-content\/uploads\/2020\/08\/viber_image_2020-06-13_16-19-26e-600x800.jpg 600w\" sizes=\"auto, (max-width: 1200px) 100vw, 1200px\" \/><\/div>\n\t\t<\/figure>\n\t<\/div>\n<\/div><\/div><\/div><\/div><div class=\"vc_row wpb_row vc_row-fluid\" ><div class=\"wpb_column vc_column_container vc_col-sm-12\"><div class=\"vc_column-inner\"><div class=\"wpb_wrapper\"><div class=\"vc_empty_space\"   style=\"height: 32px\"><span class=\"vc_empty_space_inner\"><\/span><\/div><\/div><\/div><\/div><\/div><div class=\"vc_row wpb_row vc_row-fluid vc_row-o-equal-height vc_row-flex\" ><div class=\"wpb_column vc_column_container vc_col-sm-12\"><div class=\"vc_column-inner\"><div class=\"wpb_wrapper\">\n\t<div class=\"wpb_text_column wpb_content_element kontakt-sekcija-tekst\" >\n\t\t<div class=\"wpb_wrapper\">\n\t\t\t<h3>Na\u0161i\u00a0<strong>specijaliteti<\/strong><\/h3>\n\n\t\t<\/div>\n\t<\/div>\n<\/div><\/div><\/div><\/div><div class=\"vc_row wpb_row vc_row-fluid vc_custom_1590440251201\" ><div class=\"wpb_column vc_column_container vc_col-sm-12\"><div class=\"vc_column-inner\"><div class=\"wpb_wrapper\"><div class=\"qodef-image-gallery  qodef-ig-grid-type qodef-tiny-space  qodef-image-behavior-lightbox\">\n\t<div class=\"qodef-ig-inner qodef-outer-space qodef-ig-grid qodef-ig-three-columns\">\n\t\t\t\t\t<div class=\"qodef-ig-image qodef-item-space\">\n\t\t\t\t<div class=\"qodef-ig-image-inner\">\n\t\t\t\t\t\t\t\t\t\t\t<a itemprop=\"image\" class=\"qodef-ig-lightbox\" href=\"https:\/\/raftinggrandtara.com\/wp-content\/uploads\/2020\/05\/2.jpg\" data-rel=\"prettyPhoto[image_gallery_pretty_photo-563]\" title=\"Pr\u0161uta\">\n\t\t\t\t\t\t\t\t\t\t\t<img loading=\"lazy\" decoding=\"async\" width=\"450\" height=\"300\" src=\"https:\/\/raftinggrandtara.com\/wp-content\/uploads\/2020\/05\/2.jpg\" class=\"attachment-full size-full\" alt=\"Pr\u0161uta\" srcset=\"https:\/\/raftinggrandtara.com\/wp-content\/uploads\/2020\/05\/2.jpg 450w, https:\/\/raftinggrandtara.com\/wp-content\/uploads\/2020\/05\/2-300x200.jpg 300w\" sizes=\"auto, (max-width: 450px) 100vw, 450px\" \/>\t\t\t\t\t\t\t\t\t\t\t<\/a>\n\t\t\t\t\t\t\t\t\t<\/div>\n\t\t\t<\/div>\n\t\t\t\t\t<div class=\"qodef-ig-image qodef-item-space\">\n\t\t\t\t<div class=\"qodef-ig-image-inner\">\n\t\t\t\t\t\t\t\t\t\t\t<a itemprop=\"image\" class=\"qodef-ig-lightbox\" href=\"https:\/\/raftinggrandtara.com\/wp-content\/uploads\/2020\/05\/3.jpg\" data-rel=\"prettyPhoto[image_gallery_pretty_photo-563]\" title=\"Sir sa Tare\">\n\t\t\t\t\t\t\t\t\t\t\t<img loading=\"lazy\" decoding=\"async\" width=\"450\" height=\"300\" src=\"https:\/\/raftinggrandtara.com\/wp-content\/uploads\/2020\/05\/3.jpg\" class=\"attachment-full size-full\" alt=\"Sir sa Tare\" srcset=\"https:\/\/raftinggrandtara.com\/wp-content\/uploads\/2020\/05\/3.jpg 450w, https:\/\/raftinggrandtara.com\/wp-content\/uploads\/2020\/05\/3-300x200.jpg 300w\" sizes=\"auto, (max-width: 450px) 100vw, 450px\" \/>\t\t\t\t\t\t\t\t\t\t\t<\/a>\n\t\t\t\t\t\t\t\t\t<\/div>\n\t\t\t<\/div>\n\t\t\t\t\t<div class=\"qodef-ig-image qodef-item-space\">\n\t\t\t\t<div class=\"qodef-ig-image-inner\">\n\t\t\t\t\t\t\t\t\t\t\t<a itemprop=\"image\" class=\"qodef-ig-lightbox\" href=\"https:\/\/raftinggrandtara.com\/wp-content\/uploads\/2020\/05\/1.jpg\" data-rel=\"prettyPhoto[image_gallery_pretty_photo-563]\" title=\"Doma\u0107a poga\u010da\">\n\t\t\t\t\t\t\t\t\t\t\t<img loading=\"lazy\" decoding=\"async\" width=\"450\" height=\"300\" src=\"https:\/\/raftinggrandtara.com\/wp-content\/uploads\/2020\/05\/1.jpg\" class=\"attachment-full size-full\" alt=\"Doma\u0107a poga\u010da\" srcset=\"https:\/\/raftinggrandtara.com\/wp-content\/uploads\/2020\/05\/1.jpg 450w, https:\/\/raftinggrandtara.com\/wp-content\/uploads\/2020\/05\/1-300x200.jpg 300w\" sizes=\"auto, (max-width: 450px) 100vw, 450px\" \/>\t\t\t\t\t\t\t\t\t\t\t<\/a>\n\t\t\t\t\t\t\t\t\t<\/div>\n\t\t\t<\/div>\n\t\t\t\t\t<div class=\"qodef-ig-image qodef-item-space\">\n\t\t\t\t<div class=\"qodef-ig-image-inner\">\n\t\t\t\t\t\t\t\t\t\t\t<a itemprop=\"image\" class=\"qodef-ig-lightbox\" href=\"https:\/\/raftinggrandtara.com\/wp-content\/uploads\/2020\/05\/4.jpg\" data-rel=\"prettyPhoto[image_gallery_pretty_photo-563]\" title=\"Gibanica\">\n\t\t\t\t\t\t\t\t\t\t\t<img loading=\"lazy\" decoding=\"async\" width=\"450\" height=\"300\" src=\"https:\/\/raftinggrandtara.com\/wp-content\/uploads\/2020\/05\/4.jpg\" class=\"attachment-full size-full\" alt=\"Gibanica\" srcset=\"https:\/\/raftinggrandtara.com\/wp-content\/uploads\/2020\/05\/4.jpg 450w, https:\/\/raftinggrandtara.com\/wp-content\/uploads\/2020\/05\/4-300x200.jpg 300w\" sizes=\"auto, (max-width: 450px) 100vw, 450px\" \/>\t\t\t\t\t\t\t\t\t\t\t<\/a>\n\t\t\t\t\t\t\t\t\t<\/div>\n\t\t\t<\/div>\n\t\t\t\t\t<div class=\"qodef-ig-image qodef-item-space\">\n\t\t\t\t<div class=\"qodef-ig-image-inner\">\n\t\t\t\t\t\t\t\t\t\t\t<a itemprop=\"image\" class=\"qodef-ig-lightbox\" href=\"https:\/\/raftinggrandtara.com\/wp-content\/uploads\/2020\/08\/Teletina-ispod-saca-450x300-1.jpg\" data-rel=\"prettyPhoto[image_gallery_pretty_photo-563]\" title=\"Teletina ispod sa\u010da\">\n\t\t\t\t\t\t\t\t\t\t\t<img loading=\"lazy\" decoding=\"async\" width=\"450\" height=\"299\" src=\"https:\/\/raftinggrandtara.com\/wp-content\/uploads\/2020\/08\/Teletina-ispod-saca-450x300-1.jpg\" class=\"attachment-full size-full\" alt=\"Teletina ispod sa\u010da\" srcset=\"https:\/\/raftinggrandtara.com\/wp-content\/uploads\/2020\/08\/Teletina-ispod-saca-450x300-1.jpg 450w, https:\/\/raftinggrandtara.com\/wp-content\/uploads\/2020\/08\/Teletina-ispod-saca-450x300-1-300x199.jpg 300w\" sizes=\"auto, (max-width: 450px) 100vw, 450px\" \/>\t\t\t\t\t\t\t\t\t\t\t<\/a>\n\t\t\t\t\t\t\t\t\t<\/div>\n\t\t\t<\/div>\n\t\t\t\t\t<div class=\"qodef-ig-image qodef-item-space\">\n\t\t\t\t<div class=\"qodef-ig-image-inner\">\n\t\t\t\t\t\t\t\t\t\t\t<a itemprop=\"image\" class=\"qodef-ig-lightbox\" href=\"https:\/\/raftinggrandtara.com\/wp-content\/uploads\/2020\/08\/Teletina-za-sa\u010d.jpeg\" data-rel=\"prettyPhoto[image_gallery_pretty_photo-563]\" title=\"Teletina za sa\u010d\">\n\t\t\t\t\t\t\t\t\t\t\t<img loading=\"lazy\" decoding=\"async\" width=\"450\" height=\"300\" src=\"https:\/\/raftinggrandtara.com\/wp-content\/uploads\/2020\/08\/Teletina-za-sa\u010d.jpeg\" class=\"attachment-full size-full\" alt=\"Teletina za sa\u010d\" srcset=\"https:\/\/raftinggrandtara.com\/wp-content\/uploads\/2020\/08\/Teletina-za-sa\u010d.jpeg 450w, https:\/\/raftinggrandtara.com\/wp-content\/uploads\/2020\/08\/Teletina-za-sa\u010d-300x200.jpeg 300w\" sizes=\"auto, (max-width: 450px) 100vw, 450px\" \/>\t\t\t\t\t\t\t\t\t\t\t<\/a>\n\t\t\t\t\t\t\t\t\t<\/div>\n\t\t\t<\/div>\n\t\t\t<\/div>\n<\/div><\/div><\/div><\/div><\/div><div class=\"vc_row wpb_row vc_row-fluid\" ><div class=\"kontakt-sekcija-tekst wpb_column vc_column_container vc_col-sm-4\"><div class=\"vc_column-inner\"><div class=\"wpb_wrapper\">\n\t<div class=\"wpb_text_column wpb_content_element\" >\n\t\t<div class=\"wpb_wrapper\">\n\t\t\t<h3>Doru\u010dak<\/h3>\n\n\t\t<\/div>\n\t<\/div>\n\n\t<div class=\"wpb_text_column wpb_content_element vc_custom_1774812720827 kontakt-sekcija-tekst\" >\n\t\t<div class=\"wpb_wrapper\">\n\t\t\t<p>Doma\u0107i hleb i lepinje<\/p>\n<p>Doma\u0107e pite<\/p>\n<p>Mesni proizvodi<\/p>\n<p>Mle\u010dni prozvodi (mleko, jogurt, kiselo mleko,\u00a0sir i kajmak)<\/p>\n<p>Jaja<\/p>\n<p>U\u0161tipci<\/p>\n\n\t\t<\/div>\n\t<\/div>\n<\/div><\/div><\/div><div class=\"kontakt-sekcija-tekst wpb_column vc_column_container vc_col-sm-4\"><div class=\"vc_column-inner\"><div class=\"wpb_wrapper\">\n\t<div class=\"wpb_text_column wpb_content_element\" >\n\t\t<div class=\"wpb_wrapper\">\n\t\t\t<h3>Ru\u010dak<\/h3>\n\n\t\t<\/div>\n\t<\/div>\n\n\t<div class=\"wpb_text_column wpb_content_element kontakt-sekcija-tekst\" >\n\t\t<div class=\"wpb_wrapper\">\n\t\t\t<p>Doma\u0107i hleb i lepinje<\/p>\n<p>Tele\u0107a \u010dorba, supa, bela \u010dorba<\/p>\n<p>Teletina ispod sa\u010da<\/p>\n<p>Pekarski krompir<\/p>\n<p>Sve\u017ea salata (kupus salata, me\u0161ana salata, paradajz, krastavac\u2026)<\/p>\n<p>Nekoliko vrsta kola\u010da<\/p>\n\n\t\t<\/div>\n\t<\/div>\n<\/div><\/div><\/div><div class=\"kontakt-sekcija-tekst wpb_column vc_column_container vc_col-sm-4\"><div class=\"vc_column-inner\"><div class=\"wpb_wrapper\">\n\t<div class=\"wpb_text_column wpb_content_element\" >\n\t\t<div class=\"wpb_wrapper\">\n\t\t\t<h3>Ve\u010dera<\/h3>\n\n\t\t<\/div>\n\t<\/div>\n\n\t<div class=\"wpb_text_column wpb_content_element kontakt-sekcija-tekst\" >\n\t\t<div class=\"wpb_wrapper\">\n\t\t\t<p>Doma\u0107i hleb i lepinje<\/p>\n<p>Re\u010dna pastrmka<\/p>\n<p>Riblji paprika\u0161<\/p>\n<p>Gove\u0111i gula\u0161<\/p>\n<p>Me\u0161ano meso sa ro\u0161tilja<\/p>\n\n\t\t<\/div>\n\t<\/div>\n<\/div><\/div><\/div><\/div><div class=\"vc_row wpb_row vc_row-fluid\" ><div class=\"wpb_column vc_column_container vc_col-sm-12\"><div class=\"vc_column-inner\"><div class=\"wpb_wrapper\"><div class=\"vc_empty_space\"   style=\"height: 32px\"><span class=\"vc_empty_space_inner\"><\/span><\/div><\/div><\/div><\/div><\/div><div class=\"vc_row wpb_row vc_row-fluid vc_row-o-equal-height vc_row-flex\" ><div class=\"kontakt-sekcija-tekst wpb_column vc_column_container vc_col-sm-12\"><div class=\"vc_column-inner\"><div class=\"wpb_wrapper\">\n\t<div class=\"wpb_text_column wpb_content_element\" >\n\t\t<div class=\"wpb_wrapper\">\n\t\t\t<h3>Posebni\u00a0<strong>zahtevi<\/strong><\/h3>\n\n\t\t<\/div>\n\t<\/div>\n\n\t<div class=\"wpb_text_column wpb_content_element vc_custom_1774627964205\" >\n\t\t<div class=\"wpb_wrapper\">\n\t\t\t<p><strong>Ukoliko ste na specijalnom re\u017eimu ishrane &#8211; molimo Vas da nam to najavite prilikom rezervacije aran\u017emana ili najkasnije prilikom dolaska u na\u0161 Grand Tara kamp.\u00a0Bi\u0107e nam zadovoljstvo da ispunimo Va\u0161e zahteve.<\/strong><\/p>\n\n\t\t<\/div>\n\t<\/div>\n<\/div><\/div><\/div><\/div><div class=\"vc_row wpb_row vc_row-fluid\" ><div class=\"wpb_column vc_column_container vc_col-sm-12\"><div class=\"vc_column-inner\"><div class=\"wpb_wrapper\"><div class=\"vc_empty_space\"   style=\"height: 32px\"><span class=\"vc_empty_space_inner\"><\/span><\/div><\/div><\/div><\/div><\/div>\n<\/div>","protected":false},"excerpt":{"rendered":"Doma\u0107a\u00a0kuhinja Fo\u010da i Tara su nadaleko poznate po svojoj ukusnoj hrani, baziranoj na mesu, mleku i sirevima, pitama i hlebovima, sve\u017eem povr\u0107u i konzerviranom vo\u0107u. U restoranu poluotvorenog tipa od 170 m2 sa vrhunskom\u00a0doma\u0107om kuhinjom, mo\u017eete da prelistate svoju elektronsku po\u0161tu ili se spremate za rafting avanturu\u00a0uz vru\u0107e projice,\u00a0doma\u0107i hleb i pr\u0161ut, kao i [...]","protected":false},"author":5,"featured_media":0,"parent":0,"menu_order":0,"comment_status":"closed","ping_status":"closed","template":"","meta":{"footnotes":""},"class_list":["post-2917","page","type-page","status-publish","hentry"],"yoast_head":"<!-- This site is optimized with the Yoast SEO plugin v27.3 - https:\/\/yoast.com\/product\/yoast-seo-wordpress\/ -->\n<title>Specijaliteti doma\u0107e kuhinje - Jelovnik - Grand Tara<\/title>\n<meta name=\"description\" content=\"Fo\u010da i Tara su nadaleko poznate po svojoj ukusnoj hrani, baziranoj na mesu, mleku i sirevima, pitama i hlebovima, sve\u017eem povr\u0107u i konzerviranom vo\u0107u.Hrana koja se ovde priprema je jaka i zdrava\u00a0i od sve\u017eih namirnica dobijenih ve\u0107inski iz organskog uzgoja.\" \/>\n<meta name=\"robots\" content=\"index, follow, max-snippet:-1, max-image-preview:large, max-video-preview:-1\" \/>\n<link rel=\"canonical\" href=\"https:\/\/raftinggrandtara.com\/en\/jelovnik\/\" \/>\n<meta name=\"twitter:card\" content=\"summary_large_image\" \/>\n<meta name=\"twitter:title\" content=\"Specijaliteti doma\u0107e kuhinje - Jelovnik - Grand Tara\" \/>\n<meta name=\"twitter:description\" content=\"Fo\u010da i Tara su nadaleko poznate po svojoj ukusnoj hrani, baziranoj na mesu, mleku i sirevima, pitama i hlebovima, sve\u017eem povr\u0107u i konzerviranom vo\u0107u.Hrana koja se ovde priprema je jaka i zdrava\u00a0i od sve\u017eih namirnica dobijenih ve\u0107inski iz organskog uzgoja.\" \/>\n<meta name=\"twitter:site\" content=\"@grand_tara\" \/>\n<meta name=\"twitter:label1\" content=\"Est. reading time\" \/>\n\t<meta name=\"twitter:data1\" content=\"3 minutes\" \/>\n<script type=\"application\/ld+json\" class=\"yoast-schema-graph\">{\"@context\":\"https:\\\/\\\/schema.org\",\"@graph\":[{\"@type\":\"WebPage\",\"@id\":\"https:\\\/\\\/raftinggrandtara.com\\\/jelovnik\\\/\",\"url\":\"https:\\\/\\\/raftinggrandtara.com\\\/jelovnik\\\/\",\"name\":\"Specijaliteti doma\u0107e kuhinje - Jelovnik - Grand Tara\",\"isPartOf\":{\"@id\":\"https:\\\/\\\/raftinggrandtara.com\\\/#website\"},\"datePublished\":\"2020-05-14T04:08:52+00:00\",\"dateModified\":\"2026-04-08T07:54:16+00:00\",\"description\":\"Fo\u010da i Tara su nadaleko poznate po svojoj ukusnoj hrani, baziranoj na mesu, mleku i sirevima, pitama i hlebovima, sve\u017eem povr\u0107u i konzerviranom vo\u0107u.Hrana koja se ovde priprema je jaka i zdrava\u00a0i od sve\u017eih namirnica dobijenih ve\u0107inski iz organskog uzgoja.\",\"breadcrumb\":{\"@id\":\"https:\\\/\\\/raftinggrandtara.com\\\/jelovnik\\\/#breadcrumb\"},\"inLanguage\":\"en-US\",\"potentialAction\":[{\"@type\":\"ReadAction\",\"target\":[\"https:\\\/\\\/raftinggrandtara.com\\\/jelovnik\\\/\"]}]},{\"@type\":\"BreadcrumbList\",\"@id\":\"https:\\\/\\\/raftinggrandtara.com\\\/jelovnik\\\/#breadcrumb\",\"itemListElement\":[{\"@type\":\"ListItem\",\"position\":1,\"name\":\"Home\",\"item\":\"https:\\\/\\\/raftinggrandtara.com\\\/\"},{\"@type\":\"ListItem\",\"position\":2,\"name\":\"Jelovnik\"}]},{\"@type\":\"WebSite\",\"@id\":\"https:\\\/\\\/raftinggrandtara.com\\\/#website\",\"url\":\"https:\\\/\\\/raftinggrandtara.com\\\/\",\"name\":\"Grand Tara\",\"description\":\"Avantura i odmor\",\"publisher\":{\"@id\":\"https:\\\/\\\/raftinggrandtara.com\\\/#organization\"},\"potentialAction\":[{\"@type\":\"SearchAction\",\"target\":{\"@type\":\"EntryPoint\",\"urlTemplate\":\"https:\\\/\\\/raftinggrandtara.com\\\/?s={search_term_string}\"},\"query-input\":{\"@type\":\"PropertyValueSpecification\",\"valueRequired\":true,\"valueName\":\"search_term_string\"}}],\"inLanguage\":\"en-US\"},{\"@type\":\"Organization\",\"@id\":\"https:\\\/\\\/raftinggrandtara.com\\\/#organization\",\"name\":\"Grand Tara\",\"url\":\"https:\\\/\\\/raftinggrandtara.com\\\/\",\"logo\":{\"@type\":\"ImageObject\",\"inLanguage\":\"en-US\",\"@id\":\"https:\\\/\\\/raftinggrandtara.com\\\/#\\\/schema\\\/logo\\\/image\\\/\",\"url\":\"https:\\\/\\\/raftinggrandtara.com\\\/wp-content\\\/uploads\\\/2017\\\/08\\\/logo_512_b.png\",\"contentUrl\":\"https:\\\/\\\/raftinggrandtara.com\\\/wp-content\\\/uploads\\\/2017\\\/08\\\/logo_512_b.png\",\"width\":512,\"height\":512,\"caption\":\"Grand Tara\"},\"image\":{\"@id\":\"https:\\\/\\\/raftinggrandtara.com\\\/#\\\/schema\\\/logo\\\/image\\\/\"},\"sameAs\":[\"https:\\\/\\\/www.facebook.com\\\/Rafting-kamp-Grand-Tara-111007850629908\",\"https:\\\/\\\/x.com\\\/grand_tara\",\"https:\\\/\\\/www.instagram.com\\\/raftinggrandtara\\\/\"]}]}<\/script>\n<!-- \/ Yoast SEO plugin. -->","yoast_head_json":{"title":"Specijaliteti doma\u0107e kuhinje - Jelovnik - Grand Tara","description":"Fo\u010da i Tara su nadaleko poznate po svojoj ukusnoj hrani, baziranoj na mesu, mleku i sirevima, pitama i hlebovima, sve\u017eem povr\u0107u i konzerviranom vo\u0107u.Hrana koja se ovde priprema je jaka i zdrava\u00a0i od sve\u017eih namirnica dobijenih ve\u0107inski iz organskog uzgoja.","robots":{"index":"index","follow":"follow","max-snippet":"max-snippet:-1","max-image-preview":"max-image-preview:large","max-video-preview":"max-video-preview:-1"},"canonical":"https:\/\/raftinggrandtara.com\/en\/jelovnik\/","twitter_card":"summary_large_image","twitter_title":"Specijaliteti doma\u0107e kuhinje - Jelovnik - Grand Tara","twitter_description":"Fo\u010da i Tara su nadaleko poznate po svojoj ukusnoj hrani, baziranoj na mesu, mleku i sirevima, pitama i hlebovima, sve\u017eem povr\u0107u i konzerviranom vo\u0107u.Hrana koja se ovde priprema je jaka i zdrava\u00a0i od sve\u017eih namirnica dobijenih ve\u0107inski iz organskog uzgoja.","twitter_site":"@grand_tara","twitter_misc":{"Est. reading time":"3 minutes"},"schema":{"@context":"https:\/\/schema.org","@graph":[{"@type":"WebPage","@id":"https:\/\/raftinggrandtara.com\/jelovnik\/","url":"https:\/\/raftinggrandtara.com\/jelovnik\/","name":"Specijaliteti doma\u0107e kuhinje - Jelovnik - Grand Tara","isPartOf":{"@id":"https:\/\/raftinggrandtara.com\/#website"},"datePublished":"2020-05-14T04:08:52+00:00","dateModified":"2026-04-08T07:54:16+00:00","description":"Fo\u010da i Tara su nadaleko poznate po svojoj ukusnoj hrani, baziranoj na mesu, mleku i sirevima, pitama i hlebovima, sve\u017eem povr\u0107u i konzerviranom vo\u0107u.Hrana koja se ovde priprema je jaka i zdrava\u00a0i od sve\u017eih namirnica dobijenih ve\u0107inski iz organskog uzgoja.","breadcrumb":{"@id":"https:\/\/raftinggrandtara.com\/jelovnik\/#breadcrumb"},"inLanguage":"en-US","potentialAction":[{"@type":"ReadAction","target":["https:\/\/raftinggrandtara.com\/jelovnik\/"]}]},{"@type":"BreadcrumbList","@id":"https:\/\/raftinggrandtara.com\/jelovnik\/#breadcrumb","itemListElement":[{"@type":"ListItem","position":1,"name":"Home","item":"https:\/\/raftinggrandtara.com\/"},{"@type":"ListItem","position":2,"name":"Jelovnik"}]},{"@type":"WebSite","@id":"https:\/\/raftinggrandtara.com\/#website","url":"https:\/\/raftinggrandtara.com\/","name":"Grand Tara","description":"Avantura i odmor","publisher":{"@id":"https:\/\/raftinggrandtara.com\/#organization"},"potentialAction":[{"@type":"SearchAction","target":{"@type":"EntryPoint","urlTemplate":"https:\/\/raftinggrandtara.com\/?s={search_term_string}"},"query-input":{"@type":"PropertyValueSpecification","valueRequired":true,"valueName":"search_term_string"}}],"inLanguage":"en-US"},{"@type":"Organization","@id":"https:\/\/raftinggrandtara.com\/#organization","name":"Grand Tara","url":"https:\/\/raftinggrandtara.com\/","logo":{"@type":"ImageObject","inLanguage":"en-US","@id":"https:\/\/raftinggrandtara.com\/#\/schema\/logo\/image\/","url":"https:\/\/raftinggrandtara.com\/wp-content\/uploads\/2017\/08\/logo_512_b.png","contentUrl":"https:\/\/raftinggrandtara.com\/wp-content\/uploads\/2017\/08\/logo_512_b.png","width":512,"height":512,"caption":"Grand Tara"},"image":{"@id":"https:\/\/raftinggrandtara.com\/#\/schema\/logo\/image\/"},"sameAs":["https:\/\/www.facebook.com\/Rafting-kamp-Grand-Tara-111007850629908","https:\/\/x.com\/grand_tara","https:\/\/www.instagram.com\/raftinggrandtara\/"]}]}},"_links":{"self":[{"href":"https:\/\/raftinggrandtara.com\/en\/wp-json\/wp\/v2\/pages\/2917","targetHints":{"allow":["GET"]}}],"collection":[{"href":"https:\/\/raftinggrandtara.com\/en\/wp-json\/wp\/v2\/pages"}],"about":[{"href":"https:\/\/raftinggrandtara.com\/en\/wp-json\/wp\/v2\/types\/page"}],"author":[{"embeddable":true,"href":"https:\/\/raftinggrandtara.com\/en\/wp-json\/wp\/v2\/users\/5"}],"replies":[{"embeddable":true,"href":"https:\/\/raftinggrandtara.com\/en\/wp-json\/wp\/v2\/comments?post=2917"}],"version-history":[{"count":116,"href":"https:\/\/raftinggrandtara.com\/en\/wp-json\/wp\/v2\/pages\/2917\/revisions"}],"predecessor-version":[{"id":5078,"href":"https:\/\/raftinggrandtara.com\/en\/wp-json\/wp\/v2\/pages\/2917\/revisions\/5078"}],"wp:attachment":[{"href":"https:\/\/raftinggrandtara.com\/en\/wp-json\/wp\/v2\/media?parent=2917"}],"curies":[{"name":"wp","href":"https:\/\/api.w.org\/{rel}","templated":true}]}}